{"id":273,"date":"2025-10-11T23:17:06","date_gmt":"2025-10-11T21:17:06","guid":{"rendered":"http:\/\/celtics.fr\/?page_id=273"},"modified":"2025-11-11T14:31:59","modified_gmt":"2025-11-11T13:31:59","slug":"actus","status":"publish","type":"page","link":"http:\/\/celtics.fr\/?page_id=273","title":{"rendered":"ACTUS"},"content":{"rendered":"\n<div style=\"height:30px\" aria-hidden=\"true\" class=\"wp-block-spacer\"><\/div>\n\n\n\n<div id=\"blog\" class=\"wp-block-group news-section wow bounceIn is-layout-constrained wp-container-core-group-is-layout-f07b0397 wp-block-group-is-layout-constrained\" style=\"padding-top:0;padding-bottom:0\">\n<p class=\"has-text-align-center has-accent-color has-text-color has-link-color has-abel-font-family has-medium-font-size wp-elements-fb33b8f619c16878f235deda757b421a\" style=\"font-style:normal;font-weight:700\">Actualit\u00e9s et blogs<\/p>\n\n\n\n<h2 class=\"wp-block-heading has-text-align-center has-primary-color has-text-color has-link-color has-teko-font-family wp-elements-5c9a49597403c62bf1c3e2340bd8ede2\" style=\"font-size:26px;font-style:normal;font-weight:700\">Nos derni\u00e8res actualit\u00e9s et blogs<br><br><\/h2>\n\n\n\n<div style=\"height:25px\" aria-hidden=\"true\" class=\"wp-block-spacer\"><\/div>\n\n\n\n<div class=\"wp-block-group is-layout-constrained wp-container-core-group-is-layout-12243e0f wp-block-group-is-layout-constrained\">\n<div class=\"wp-block-query is-layout-flow wp-block-query-is-layout-flow\"><ul style=\"border-style:none;border-width:0px;\" class=\"columns-3 news-post-template wp-block-post-template is-layout-grid wp-container-core-post-template-is-layout-572542b5 wp-block-post-template-is-layout-grid\"><li class=\"wp-block-post post-412 post type-post status-publish format-standard hentry category-non-classe\">\n\n<div class=\"wp-block-group news-image is-layout-constrained wp-block-group-is-layout-constrained\"><\/div>\n\n\n\n<div class=\"wp-block-group news-info is-layout-constrained wp-container-core-group-is-layout-d0474c02 wp-block-group-is-layout-constrained\" style=\"margin-top:0;margin-bottom:0;padding-top:var(--wp--preset--spacing--40);padding-right:var(--wp--preset--spacing--30);padding-bottom:var(--wp--preset--spacing--40);padding-left:var(--wp--preset--spacing--30)\">\n<div class=\"wp-block-group is-layout-flex wp-container-core-group-is-layout-6ea4212b wp-block-group-is-layout-flex\"><div class=\"wp-block-post-author-name\"><a href=\"http:\/\/celtics.fr\/?author=1\" target=\"_self\" class=\"wp-block-post-author-name__link\">admin8235<\/a><\/div>\n\n<div class=\"wp-block-post-date\"><time datetime=\"2025-11-11T14:42:27+01:00\"><a href=\"http:\/\/celtics.fr\/?p=412\">11\/11\/2025<\/a><\/time><\/div>\n\n\n<div class=\"wp-block-comments\" style=\"margin-top:0;margin-bottom:0;padding-top:0;padding-bottom:0\"><\/div>\n<\/div>\n\n\n<h2 style=\"margin-top:var(--wp--preset--spacing--40);\" class=\"wp-block-post-title\"><a href=\"http:\/\/celtics.fr\/?p=412\" target=\"_self\" >Un nouveau site pour les Celtics de Lorient !<\/a><\/h2><\/div>\n\n<\/li><\/ul><\/div>\n<\/div>\n<\/div>\n\n\n\n<div style=\"height:102px\" aria-hidden=\"true\" class=\"wp-block-spacer\"><\/div>\n","protected":false},"excerpt":{"rendered":"<p>Actualit\u00e9s et blogs Nos derni\u00e8res actualit\u00e9s et blogs<\/p>\n","protected":false},"author":1,"featured_media":0,"parent":0,"menu_order":0,"comment_status":"closed","ping_status":"closed","template":"","meta":{"footnotes":""},"class_list":["post-273","page","type-page","status-publish","hentry"],"jetpack_sharing_enabled":true,"_links":{"self":[{"href":"http:\/\/celtics.fr\/index.php?rest_route=\/wp\/v2\/pages\/273","targetHints":{"allow":["GET"]}}],"collection":[{"href":"http:\/\/celtics.fr\/index.php?rest_route=\/wp\/v2\/pages"}],"about":[{"href":"http:\/\/celtics.fr\/index.php?rest_route=\/wp\/v2\/types\/page"}],"author":[{"embeddable":true,"href":"http:\/\/celtics.fr\/index.php?rest_route=\/wp\/v2\/users\/1"}],"replies":[{"embeddable":true,"href":"http:\/\/celtics.fr\/index.php?rest_route=%2Fwp%2Fv2%2Fcomments&post=273"}],"version-history":[{"count":3,"href":"http:\/\/celtics.fr\/index.php?rest_route=\/wp\/v2\/pages\/273\/revisions"}],"predecessor-version":[{"id":411,"href":"http:\/\/celtics.fr\/index.php?rest_route=\/wp\/v2\/pages\/273\/revisions\/411"}],"wp:attachment":[{"href":"http:\/\/celtics.fr\/index.php?rest_route=%2Fwp%2Fv2%2Fmedia&parent=273"}],"curies":[{"name":"wp","href":"https:\/\/api.w.org\/{rel}","templated":true}]}}