{"id":275,"date":"2025-10-11T23:17:32","date_gmt":"2025-10-11T21:17:32","guid":{"rendered":"http:\/\/celtics.fr\/?page_id=275"},"modified":"2025-10-12T17:34:46","modified_gmt":"2025-10-12T15:34:46","slug":"championnat","status":"publish","type":"page","link":"http:\/\/celtics.fr\/?page_id=275","title":{"rendered":"CHAMPIONNAT"},"content":{"rendered":"\n<div class=\"wp-block-group alignfull is-content-justification-center is-layout-constrained wp-container-core-group-is-layout-df757ecc wp-block-group-is-layout-constrained\" style=\"margin-top:0;margin-bottom:0;padding-top:calc( 0.5 * var(--wp--style--root--padding-right, var(--wp--custom--gap--horizontal)));padding-right:var(--wp--style--root--padding-right, var(--wp--custom--gap--horizontal));padding-bottom:calc( 0.5 * var(--wp--style--root--padding-right, var(--wp--custom--gap--horizontal)));padding-left:var(--wp--style--root--padding-left, var(--wp--custom--gap--horizontal))\">\n<div style=\"height:calc( 0.25 * var(--wp--style--root--padding-right, var(--wp--custom--gap--horizontal)))\" aria-hidden=\"true\" class=\"wp-block-spacer\"><\/div>\n\n\n\n<figure class=\"wp-block-image aligncenter size-large is-resized has-custom-border\"><img decoding=\"async\" src=\"https:\/\/www.fffa.org\/wp-content\/uploads\/2021\/10\/Copie-de-Design-sans-nom-1.jpg\" alt=\"\" style=\"border-radius:100em;aspect-ratio:1;object-fit:cover;width:239px;height:auto\"\/><\/figure>\n\n\n\n<div style=\"height:8px\" aria-hidden=\"true\" class=\"wp-block-spacer\"><\/div>\n\n\n\n<div class=\"wp-block-group alignwide is-layout-constrained wp-container-core-group-is-layout-e68963ae wp-block-group-is-layout-constrained\">\n<h2 class=\"wp-block-heading has-text-align-center has-ast-global-color-2-color has-text-color\">Championnat D3<\/h2>\n\n\n\n<p class=\"has-text-align-center\"><strong>Les Celtics de Lorient en Division 3<\/strong><\/p>\n\n\n\n<p class=\"has-text-align-center\">Les <strong>Celtics de Lorient<\/strong> participent au <strong>Championnat de France D3<\/strong>, organis\u00e9 par la <strong>FFFA<\/strong> (F\u00e9d\u00e9ration Fran\u00e7aise de Football Am\u00e9ricain).<br>Cette comp\u00e9tition rassemble les meilleures \u00e9quipes r\u00e9gionales en qu\u00eate de mont\u00e9e vers la <strong>Division 2 nationale<\/strong>.<br>Chaque saison, nos joueurs affrontent des adversaires bretons et lig\u00e9riens dans une ambiance intense et conviviale.<\/p>\n<\/div>\n\n\n\n<div style=\"height:calc( 0.25 * var(--wp--style--root--padding-right, var(--wp--custom--gap--horizontal)))\" aria-hidden=\"true\" class=\"wp-block-spacer\"><\/div>\n<\/div>\n\n\n\n<div class=\"wp-block-group alignwide is-content-justification-center is-layout-constrained wp-container-core-group-is-layout-df757ecc wp-block-group-is-layout-constrained\" style=\"margin-top:0;margin-bottom:0;padding-top:calc( 0.5 * var(--wp--style--root--padding-right, var(--wp--custom--gap--horizontal)));padding-right:var(--wp--style--root--padding-right, var(--wp--custom--gap--horizontal));padding-bottom:calc( 0.5 * var(--wp--style--root--padding-right, var(--wp--custom--gap--horizontal)));padding-left:var(--wp--style--root--padding-left, var(--wp--custom--gap--horizontal))\">\n<div style=\"height:74px\" aria-hidden=\"true\" class=\"wp-block-spacer\"><\/div>\n\n\n\n<div class=\"wp-block-columns alignwide is-layout-flex wp-container-core-columns-is-layout-28f84493 wp-block-columns-is-layout-flex\">\n<div class=\"wp-block-column is-layout-flow wp-block-column-is-layout-flow\">\n<p><strong>Objectif : progresser, ensemble<\/strong><\/p>\n\n\n\n<p>La D3, c\u2019est le c\u0153ur battant du football am\u00e9ricain fran\u00e7ais.<br>C\u2019est ici que s\u2019affrontent des clubs ambitieux, solidaires et passionn\u00e9s.<br>Pour les <strong>Celtics<\/strong>, c\u2019est l\u2019occasion de faire briller Lorient et de continuer \u00e0 grandir, saison apr\u00e8s saison.<\/p>\n<\/div>\n<\/div>\n\n\n\n<div style=\"height:calc( 0.25 * var(--wp--style--root--padding-right, var(--wp--custom--gap--horizontal)))\" aria-hidden=\"true\" class=\"wp-block-spacer\"><\/div>\n<\/div>\n\n\n\n<div class=\"wp-block-group alignfull is-layout-constrained wp-container-core-group-is-layout-e220c6fd wp-block-group-is-layout-constrained\" style=\"margin-top:0;margin-bottom:0;padding-top:calc( 0.5 * var(--wp--style--root--padding-right, var(--wp--custom--gap--horizontal)));padding-right:var(--wp--style--root--padding-right, var(--wp--custom--gap--horizontal));padding-bottom:calc( 0.5 * var(--wp--style--root--padding-right, var(--wp--custom--gap--horizontal)));padding-left:var(--wp--style--root--padding-left, var(--wp--custom--gap--horizontal))\">\n<div style=\"height:96px\" aria-hidden=\"true\" class=\"wp-block-spacer\"><\/div>\n\n\n\n<div class=\"wp-block-columns alignwide are-vertically-aligned-center is-layout-flex wp-container-core-columns-is-layout-cbe57604 wp-block-columns-is-layout-flex\">\n<div class=\"wp-block-column is-vertically-aligned-center is-layout-flow wp-block-column-is-layout-flow\">\n<h2 class=\"wp-block-heading alignwide\"><strong>Format du championnat<\/strong><\/h2>\n\n\n\n<p><strong>Phase r\u00e9guli\u00e8re :<\/strong> matchs aller-retour entre les \u00e9quipes de la conf\u00e9rence<\/p>\n\n\n\n<p><strong>Playoffs :<\/strong> les meilleures \u00e9quipes s\u2019affrontent pour une place en <strong>D2<\/strong><\/p>\n\n\n\n<p><strong>P\u00e9riode :<\/strong> de f\u00e9vrier \u00e0 juin<\/p>\n<\/div>\n\n\n\n<div class=\"wp-block-column is-vertically-aligned-center is-layout-flow wp-block-column-is-layout-flow\">\n<figure class=\"wp-block-image size-full is-resized has-custom-border\"><img loading=\"lazy\" decoding=\"async\" width=\"2048\" height=\"1367\" src=\"http:\/\/celtics.fr\/wp-content\/uploads\/2025\/10\/MHWR-79.jpg\" alt=\"\" class=\"wp-image-297\" style=\"border-style:none;border-width:0px;border-radius:100em;aspect-ratio:1;object-fit:cover;width:495px;height:auto\" srcset=\"http:\/\/celtics.fr\/wp-content\/uploads\/2025\/10\/MHWR-79.jpg 2048w, http:\/\/celtics.fr\/wp-content\/uploads\/2025\/10\/MHWR-79-300x200.jpg 300w, http:\/\/celtics.fr\/wp-content\/uploads\/2025\/10\/MHWR-79-1024x684.jpg 1024w, http:\/\/celtics.fr\/wp-content\/uploads\/2025\/10\/MHWR-79-768x513.jpg 768w, http:\/\/celtics.fr\/wp-content\/uploads\/2025\/10\/MHWR-79-1536x1025.jpg 1536w, http:\/\/celtics.fr\/wp-content\/uploads\/2025\/10\/MHWR-79-600x400.jpg 600w\" sizes=\"auto, (max-width: 2048px) 100vw, 2048px\" \/><\/figure>\n<\/div>\n<\/div>\n\n\n\n<div style=\"height:calc( 0.25 * var(--wp--style--root--padding-right, var(--wp--custom--gap--horizontal)))\" aria-hidden=\"true\" class=\"wp-block-spacer\"><\/div>\n<\/div>\n\n\n\n<div class=\"wp-block-group alignfull is-content-justification-center is-layout-constrained wp-container-core-group-is-layout-df757ecc wp-block-group-is-layout-constrained\" style=\"margin-top:0;margin-bottom:0;padding-top:calc( 0.5 * var(--wp--style--root--padding-right, var(--wp--custom--gap--horizontal)));padding-right:var(--wp--style--root--padding-right, var(--wp--custom--gap--horizontal));padding-bottom:calc( 0.5 * var(--wp--style--root--padding-right, var(--wp--custom--gap--horizontal)));padding-left:var(--wp--style--root--padding-left, var(--wp--custom--gap--horizontal))\">\n<div style=\"height:117px\" aria-hidden=\"true\" class=\"wp-block-spacer\"><\/div>\n\n\n\n<h2 class=\"wp-block-heading has-text-align-center\">Les \u00e9quipes du Championnat D3 \u2013 Saison 2025<\/h2>\n\n\n\n<div style=\"height:calc( 0.25 * var(--wp--style--root--padding-right, var(--wp--custom--gap--horizontal)))\" aria-hidden=\"true\" class=\"wp-block-spacer\"><\/div>\n\n\n\n<div class=\"wp-block-columns alignwide is-layout-flex wp-container-core-columns-is-layout-d0846407 wp-block-columns-is-layout-flex\">\n<div class=\"wp-block-column is-layout-flow wp-block-column-is-layout-flow\">\n<figure class=\"wp-block-image size-full\"><img loading=\"lazy\" decoding=\"async\" width=\"500\" height=\"500\" src=\"http:\/\/celtics.fr\/wp-content\/uploads\/2025\/10\/Celtics-1-1.png\" alt=\"\" class=\"wp-image-312\" style=\"aspect-ratio:1;object-fit:cover\" srcset=\"http:\/\/celtics.fr\/wp-content\/uploads\/2025\/10\/Celtics-1-1.png 500w, http:\/\/celtics.fr\/wp-content\/uploads\/2025\/10\/Celtics-1-1-300x300.png 300w, http:\/\/celtics.fr\/wp-content\/uploads\/2025\/10\/Celtics-1-1-150x150.png 150w, http:\/\/celtics.fr\/wp-content\/uploads\/2025\/10\/Celtics-1-1-100x100.png 100w\" sizes=\"auto, (max-width: 500px) 100vw, 500px\" \/><\/figure>\n\n\n\n<div style=\"height:4px\" aria-hidden=\"true\" class=\"wp-block-spacer\"><\/div>\n\n\n\n<div class=\"wp-block-group is-layout-flow wp-container-core-group-is-layout-7661d4d4 wp-block-group-is-layout-flow\">\n<h3 class=\"wp-block-heading has-medium-font-size\" style=\"font-style:normal;font-weight:700\">Celtics Lorient<\/h3>\n\n\n\n<p>Lorient<\/p>\n<\/div>\n<\/div>\n\n\n\n<div class=\"wp-block-column is-layout-flow wp-block-column-is-layout-flow\">\n<figure class=\"wp-block-image size-large\"><img decoding=\"async\" src=\"https:\/\/encrypted-tbn0.gstatic.com\/images?q=tbn:ANd9GcRm8hh5J_Kh6C_9-Hg-eDHDWrohfru4HqkErQ&amp;s\" alt=\"\" style=\"aspect-ratio:1;object-fit:cover\"\/><\/figure>\n\n\n\n<div style=\"height:4px\" aria-hidden=\"true\" class=\"wp-block-spacer\"><\/div>\n\n\n\n<div class=\"wp-block-group is-layout-flow wp-block-group-is-layout-flow\">\n<div class=\"wp-block-group is-layout-flow wp-container-core-group-is-layout-7661d4d4 wp-block-group-is-layout-flow\">\n<h3 class=\"wp-block-heading has-medium-font-size\" style=\"font-style:normal;font-weight:700\">Mariners Vannes<\/h3>\n\n\n\n<p>Vannes<\/p>\n<\/div>\n<\/div>\n<\/div>\n<\/div>\n\n\n\n<div style=\"height:calc( 0.25 * var(--wp--style--root--padding-right, var(--wp--custom--gap--horizontal)))\" aria-hidden=\"true\" class=\"wp-block-spacer\"><\/div>\n\n\n\n<div class=\"wp-block-columns alignwide is-layout-flex wp-container-core-columns-is-layout-d0846407 wp-block-columns-is-layout-flex\">\n<div class=\"wp-block-column is-layout-flow wp-block-column-is-layout-flow\">\n<figure class=\"wp-block-image size-large\"><img decoding=\"async\" src=\"https:\/\/encrypted-tbn0.gstatic.com\/images?q=tbn:ANd9GcRFsXR1DnWM51D6HDfGqMLid1OuhpWSWPiMqQ&amp;s\" alt=\"\" style=\"aspect-ratio:1;object-fit:cover\"\/><\/figure>\n\n\n\n<div style=\"height:4px\" aria-hidden=\"true\" class=\"wp-block-spacer\"><\/div>\n\n\n\n<div class=\"wp-block-group is-layout-flow wp-container-core-group-is-layout-7661d4d4 wp-block-group-is-layout-flow\">\n<h3 class=\"wp-block-heading has-medium-font-size\" style=\"font-style:normal;font-weight:700\">Kelted Quimper<\/h3>\n\n\n\n<p>Quimper<\/p>\n<\/div>\n<\/div>\n\n\n\n<div class=\"wp-block-column is-layout-flow wp-block-column-is-layout-flow\">\n<figure class=\"wp-block-image size-large\"><img decoding=\"async\" src=\"https:\/\/encrypted-tbn0.gstatic.com\/images?q=tbn:ANd9GcR0knykFVkPzIA6P15SppC2yNusopemxbXDXQ&amp;s\" alt=\"\" style=\"aspect-ratio:1;object-fit:cover\"\/><\/figure>\n\n\n\n<div style=\"height:4px\" aria-hidden=\"true\" class=\"wp-block-spacer\"><\/div>\n\n\n\n<div class=\"wp-block-group is-layout-flow wp-block-group-is-layout-flow\">\n<div class=\"wp-block-group is-layout-flow wp-container-core-group-is-layout-7661d4d4 wp-block-group-is-layout-flow\">\n<h3 class=\"wp-block-heading has-medium-font-size\" style=\"font-style:normal;font-weight:700\">Tonnerre de Brest<\/h3>\n\n\n\n<p>Brest<\/p>\n<\/div>\n<\/div>\n<\/div>\n\n\n\n<div class=\"wp-block-column is-layout-flow wp-block-column-is-layout-flow\">\n<figure class=\"wp-block-image size-large\"><img decoding=\"async\" src=\"https:\/\/encrypted-tbn0.gstatic.com\/images?q=tbn:ANd9GcRNhhWunayx4TRZJ_yld-H7OCuvbjVaggDNhw&amp;s\" alt=\"\" style=\"aspect-ratio:1;object-fit:cover\"\/><\/figure>\n\n\n\n<div style=\"height:4px\" aria-hidden=\"true\" class=\"wp-block-spacer\"><\/div>\n\n\n\n<div class=\"wp-block-group is-layout-flow wp-block-group-is-layout-flow\">\n<div class=\"wp-block-group is-layout-flow wp-container-core-group-is-layout-7661d4d4 wp-block-group-is-layout-flow\">\n<h3 class=\"wp-block-heading has-medium-font-size\" style=\"font-style:normal;font-weight:700\">Licornes Football Am\u00e9ricain<\/h3>\n\n\n\n<p>Saint-Brieuc<\/p>\n<\/div>\n<\/div>\n<\/div>\n<\/div>\n\n\n\n<div style=\"height:57px\" aria-hidden=\"true\" class=\"wp-block-spacer\"><\/div>\n<\/div>\n\n\n\n<h3 class=\"wp-block-heading\"><strong>Soutiens ton \u00e9quipe !<\/strong><\/h3>\n\n\n\n<p>Chaque match de D3 est une bataille, sur le terrain et dans les tribunes.<br>Ta pr\u00e9sence compte \u2014 viens encourager les <strong>Celtics de Lorient<\/strong> et vivre le meilleur du football am\u00e9ricain en Bretagne.<\/p>\n","protected":false},"excerpt":{"rendered":"<p>Championnat D3 Les Celtics de Lorient en Division 3 Les Celtics de Lorient participent au Championnat de France D3, organis\u00e9 par la FFFA (F\u00e9d\u00e9ration Fran\u00e7aise de Football Am\u00e9ricain).Cette comp\u00e9tition rassemble les meilleures \u00e9quipes r\u00e9gionales en qu\u00eate de mont\u00e9e vers la Division 2 nationale.Chaque saison, nos joueurs affrontent des adversaires bretons et lig\u00e9riens dans une ambiance [&hellip;]<\/p>\n","protected":false},"author":1,"featured_media":0,"parent":0,"menu_order":0,"comment_status":"closed","ping_status":"closed","template":"","meta":{"footnotes":""},"class_list":["post-275","page","type-page","status-publish","hentry"],"jetpack_sharing_enabled":true,"_links":{"self":[{"href":"http:\/\/celtics.fr\/index.php?rest_route=\/wp\/v2\/pages\/275","targetHints":{"allow":["GET"]}}],"collection":[{"href":"http:\/\/celtics.fr\/index.php?rest_route=\/wp\/v2\/pages"}],"about":[{"href":"http:\/\/celtics.fr\/index.php?rest_route=\/wp\/v2\/types\/page"}],"author":[{"embeddable":true,"href":"http:\/\/celtics.fr\/index.php?rest_route=\/wp\/v2\/users\/1"}],"replies":[{"embeddable":true,"href":"http:\/\/celtics.fr\/index.php?rest_route=%2Fwp%2Fv2%2Fcomments&post=275"}],"version-history":[{"count":21,"href":"http:\/\/celtics.fr\/index.php?rest_route=\/wp\/v2\/pages\/275\/revisions"}],"predecessor-version":[{"id":321,"href":"http:\/\/celtics.fr\/index.php?rest_route=\/wp\/v2\/pages\/275\/revisions\/321"}],"wp:attachment":[{"href":"http:\/\/celtics.fr\/index.php?rest_route=%2Fwp%2Fv2%2Fmedia&parent=275"}],"curies":[{"name":"wp","href":"https:\/\/api.w.org\/{rel}","templated":true}]}}