{"id":277,"date":"2025-10-11T23:26:07","date_gmt":"2025-10-11T21:26:07","guid":{"rendered":"http:\/\/celtics.fr\/?page_id=277"},"modified":"2025-11-11T14:16:52","modified_gmt":"2025-11-11T13:16:52","slug":"partenaires","status":"publish","type":"page","link":"http:\/\/celtics.fr\/?page_id=277","title":{"rendered":"PARTENAIRES"},"content":{"rendered":"\n<div class=\"wp-block-group alignfull is-content-justification-center is-layout-constrained wp-container-core-group-is-layout-df757ecc wp-block-group-is-layout-constrained\" style=\"margin-top:0;margin-bottom:0;padding-top:calc( 0.5 * var(--wp--style--root--padding-right, var(--wp--custom--gap--horizontal)));padding-right:var(--wp--style--root--padding-right, var(--wp--custom--gap--horizontal));padding-bottom:calc( 0.5 * var(--wp--style--root--padding-right, var(--wp--custom--gap--horizontal)));padding-left:var(--wp--style--root--padding-left, var(--wp--custom--gap--horizontal))\">\n<div style=\"height:calc( 0.25 * var(--wp--style--root--padding-right, var(--wp--custom--gap--horizontal)))\" aria-hidden=\"true\" class=\"wp-block-spacer\"><\/div>\n\n\n\n<h2 class=\"wp-block-heading has-text-align-center\">NOS PARTENAIRES<\/h2>\n\n\n\n<div style=\"height:calc( 0.25 * var(--wp--style--root--padding-right, var(--wp--custom--gap--horizontal)))\" aria-hidden=\"true\" class=\"wp-block-spacer\"><\/div>\n\n\n\n<div class=\"wp-block-columns alignwide is-layout-flex wp-container-core-columns-is-layout-d0846407 wp-block-columns-is-layout-flex\">\n<div class=\"wp-block-column is-layout-flow wp-block-column-is-layout-flow\">\n<figure class=\"wp-block-image size-large\"><img decoding=\"async\" src=\"https:\/\/encrypted-tbn0.gstatic.com\/images?q=tbn:ANd9GcSncJG30zkAwyQbKCukADpgDQyj14Lj4Hy1XQ&amp;s\" alt=\"\" style=\"aspect-ratio:1;object-fit:cover\"\/><\/figure>\n\n\n\n<div style=\"height:4px\" aria-hidden=\"true\" class=\"wp-block-spacer\"><\/div>\n\n\n\n<div class=\"wp-block-group is-layout-flow wp-container-core-group-is-layout-7661d4d4 wp-block-group-is-layout-flow\">\n<h3 class=\"wp-block-heading has-medium-font-size\" style=\"font-style:normal;font-weight:700\"><a href=\"https:\/\/www.papyjoe.com\/\">Papy Joe<\/a><\/h3>\n\n\n\n<p>Bar sportif \u00e0 Lorient<\/p>\n<\/div>\n\n\n\n<p>Venez d\u00e9couvrir l&rsquo;ambiance chaleureuse de&nbsp;<em>Papy Joe<\/em>, un lieu o\u00f9 convivialit\u00e9 et bons moments sont au rendez -vous ! #PapyJoe #<em>Lorient<\/em>.<\/p>\n<\/div>\n\n\n\n<div class=\"wp-block-column is-layout-flow wp-block-column-is-layout-flow\">\n<figure class=\"wp-block-image size-large\"><img decoding=\"async\" src=\"https:\/\/i0.wp.com\/unclebreizh.fr\/wp-content\/uploads\/2021\/11\/cropped-Uncle_BZH_identite_V2_negatif-removebg-preview.png?fit=500%2C450&amp;ssl=1\" alt=\"\" style=\"aspect-ratio:1;object-fit:cover\"\/><\/figure>\n\n\n\n<div style=\"height:4px\" aria-hidden=\"true\" class=\"wp-block-spacer\"><\/div>\n\n\n\n<div class=\"wp-block-group is-layout-flow wp-block-group-is-layout-flow\">\n<div class=\"wp-block-group is-layout-flow wp-container-core-group-is-layout-7661d4d4 wp-block-group-is-layout-flow\">\n<h3 class=\"wp-block-heading has-medium-font-size\" style=\"font-style:normal;font-weight:700\"><a href=\"https:\/\/unclebreizh.fr\/\"><strong>Uncle Breizh<\/strong><\/a><\/h3>\n\n\n\n<p>Le meilleur burger de l&rsquo;Ouest<\/p>\n<\/div>\n<\/div>\n\n\n\n<p>Chez&nbsp;<strong>Uncle Breizh<\/strong>, on fait du burger, mais pas comme tout le monde. Ici, c\u2019est du vrai, du bon, du g\u00e9n\u00e9reux. Une cuisine de qualit\u00e9, une communication fun et sans chichi, et une identit\u00e9 bien ancr\u00e9e dans nos racines bretonnes.<\/p>\n<\/div>\n\n\n\n<div class=\"wp-block-column is-layout-flow wp-block-column-is-layout-flow\">\n<figure class=\"wp-block-image size-large\"><img decoding=\"async\" src=\"https:\/\/cdn.website.dish.co\/media\/ef\/fe\/6568403\/DUR-A-CUIRE-DAC-logo-carre-brique-png.jpg\" alt=\"\" style=\"aspect-ratio:1;object-fit:cover\"\/><\/figure>\n\n\n\n<div style=\"height:4px\" aria-hidden=\"true\" class=\"wp-block-spacer\"><\/div>\n\n\n\n<div class=\"wp-block-group is-layout-flow wp-block-group-is-layout-flow\">\n<div class=\"wp-block-group is-layout-flow wp-container-core-group-is-layout-7661d4d4 wp-block-group-is-layout-flow\">\n<h3 class=\"wp-block-heading has-medium-font-size\" style=\"font-style:normal;font-weight:700\"><a href=\"https:\/\/dur-a-cuire-lorient.eatbu.com\/?lang=fr\" data-type=\"link\" data-id=\"https:\/\/dur-a-cuire-lorient.eatbu.com\/?lang=fr\">DUR A CUIRE Lorient\u00a0<\/a><\/h3>\n\n\n\n<p>Cuisine gourmande de saison<\/p>\n<\/div>\n<\/div>\n\n\n\n<p>25 AV de la perri\u00e8re 56100 LORIENT<br>tel 0297322104 ou 0680427529<br>duracuire56@orange.fr<\/p>\n<\/div>\n<\/div>\n\n\n\n<div style=\"height:calc( 0.25 * var(--wp--style--root--padding-right, var(--wp--custom--gap--horizontal)))\" aria-hidden=\"true\" class=\"wp-block-spacer\"><\/div>\n\n\n\n<div style=\"height:calc( 0.25 * var(--wp--style--root--padding-right, var(--wp--custom--gap--horizontal)))\" aria-hidden=\"true\" class=\"wp-block-spacer\"><\/div>\n<\/div>\n","protected":false},"excerpt":{"rendered":"<p>NOS PARTENAIRES Papy Joe Bar sportif \u00e0 Lorient Venez d\u00e9couvrir l&rsquo;ambiance chaleureuse de&nbsp;Papy Joe, un lieu o\u00f9 convivialit\u00e9 et bons moments sont au rendez -vous ! #PapyJoe #Lorient. Uncle Breizh Le meilleur burger de l&rsquo;Ouest Chez&nbsp;Uncle Breizh, on fait du burger, mais pas comme tout le monde. Ici, c\u2019est du vrai, du bon, du g\u00e9n\u00e9reux. [&hellip;]<\/p>\n","protected":false},"author":1,"featured_media":0,"parent":0,"menu_order":0,"comment_status":"closed","ping_status":"closed","template":"","meta":{"footnotes":""},"class_list":["post-277","page","type-page","status-publish","hentry"],"jetpack_sharing_enabled":true,"_links":{"self":[{"href":"http:\/\/celtics.fr\/index.php?rest_route=\/wp\/v2\/pages\/277","targetHints":{"allow":["GET"]}}],"collection":[{"href":"http:\/\/celtics.fr\/index.php?rest_route=\/wp\/v2\/pages"}],"about":[{"href":"http:\/\/celtics.fr\/index.php?rest_route=\/wp\/v2\/types\/page"}],"author":[{"embeddable":true,"href":"http:\/\/celtics.fr\/index.php?rest_route=\/wp\/v2\/users\/1"}],"replies":[{"embeddable":true,"href":"http:\/\/celtics.fr\/index.php?rest_route=%2Fwp%2Fv2%2Fcomments&post=277"}],"version-history":[{"count":4,"href":"http:\/\/celtics.fr\/index.php?rest_route=\/wp\/v2\/pages\/277\/revisions"}],"predecessor-version":[{"id":404,"href":"http:\/\/celtics.fr\/index.php?rest_route=\/wp\/v2\/pages\/277\/revisions\/404"}],"wp:attachment":[{"href":"http:\/\/celtics.fr\/index.php?rest_route=%2Fwp%2Fv2%2Fmedia&parent=277"}],"curies":[{"name":"wp","href":"https:\/\/api.w.org\/{rel}","templated":true}]}}