{"id":278,"date":"2025-10-11T23:24:28","date_gmt":"2025-10-11T21:24:28","guid":{"rendered":"http:\/\/celtics.fr\/?page_id=278"},"modified":"2025-10-12T15:29:03","modified_gmt":"2025-10-12T13:29:03","slug":"contact","status":"publish","type":"page","link":"http:\/\/celtics.fr\/?page_id=278","title":{"rendered":"CONTACT"},"content":{"rendered":"\n<h3 class=\"wp-block-heading\"><strong>Une question, une envie de rejoindre le club ?<\/strong><\/h3>\n\n\n\n<p>Que tu souhaites t\u2019inscrire, poser une question ou proposer un partenariat, notre \u00e9quipe est \u00e0 ton \u00e9coute.<br>Remplis le formulaire ci-dessous ou contacte-nous directement.<\/p>\n\n\n<div class=\"wp-block-jetpack-contact-form\"><a href=\"http:\/\/celtics.fr\/?page_id=278\" target=\"_blank\" rel=\"noopener noreferrer\">Soumettre un formulaire.<\/a><\/div>\n\n\n<div class=\"wp-block-group alignfull has-contrast-color has-text-color is-vertical is-content-justification-center is-layout-flex wp-container-core-group-is-layout-f306f087 wp-block-group-is-layout-flex\" style=\"min-height:40vh;margin-top:0;margin-bottom:0;padding-top:var(--wp--preset--spacing--60);padding-right:var(--wp--preset--spacing--50);padding-bottom:var(--wp--preset--spacing--60);padding-left:var(--wp--preset--spacing--50)\"><div style=\"margin-bottom:6px;\" class=\"is-default-size aligncenter wp-block-site-logo\"><a href=\"http:\/\/celtics.fr\/\" class=\"custom-logo-link\" rel=\"home\"><img loading=\"lazy\" decoding=\"async\" width=\"512\" height=\"512\" src=\"http:\/\/celtics.fr\/wp-content\/uploads\/2025\/10\/cropped-Celtics-1.png\" class=\"custom-logo\" alt=\"celtics\" srcset=\"http:\/\/celtics.fr\/wp-content\/uploads\/2025\/10\/cropped-Celtics-1.png 512w, http:\/\/celtics.fr\/wp-content\/uploads\/2025\/10\/cropped-Celtics-1-300x300.png 300w, http:\/\/celtics.fr\/wp-content\/uploads\/2025\/10\/cropped-Celtics-1-150x150.png 150w, http:\/\/celtics.fr\/wp-content\/uploads\/2025\/10\/cropped-Celtics-1-270x270.png 270w, http:\/\/celtics.fr\/wp-content\/uploads\/2025\/10\/cropped-Celtics-1-192x192.png 192w, http:\/\/celtics.fr\/wp-content\/uploads\/2025\/10\/cropped-Celtics-1-180x180.png 180w, http:\/\/celtics.fr\/wp-content\/uploads\/2025\/10\/cropped-Celtics-1-32x32.png 32w\" sizes=\"auto, (max-width: 512px) 100vw, 512px\" \/><\/a><\/div>\n\n\n<p class=\"has-text-align-center has-medium-font-size\"><strong>CELTICS<\/strong><\/p>\n<\/div>\n","protected":false},"excerpt":{"rendered":"<p>Une question, une envie de rejoindre le club ? Que tu souhaites t\u2019inscrire, poser une question ou proposer un partenariat, notre \u00e9quipe est \u00e0 ton \u00e9coute.Remplis le formulaire ci-dessous ou contacte-nous directement. CELTICS<\/p>\n","protected":false},"author":1,"featured_media":0,"parent":0,"menu_order":0,"comment_status":"closed","ping_status":"closed","template":"","meta":{"footnotes":""},"class_list":["post-278","page","type-page","status-publish","hentry"],"jetpack_sharing_enabled":true,"_links":{"self":[{"href":"http:\/\/celtics.fr\/index.php?rest_route=\/wp\/v2\/pages\/278","targetHints":{"allow":["GET"]}}],"collection":[{"href":"http:\/\/celtics.fr\/index.php?rest_route=\/wp\/v2\/pages"}],"about":[{"href":"http:\/\/celtics.fr\/index.php?rest_route=\/wp\/v2\/types\/page"}],"author":[{"embeddable":true,"href":"http:\/\/celtics.fr\/index.php?rest_route=\/wp\/v2\/users\/1"}],"replies":[{"embeddable":true,"href":"http:\/\/celtics.fr\/index.php?rest_route=%2Fwp%2Fv2%2Fcomments&post=278"}],"version-history":[{"count":6,"href":"http:\/\/celtics.fr\/index.php?rest_route=\/wp\/v2\/pages\/278\/revisions"}],"predecessor-version":[{"id":294,"href":"http:\/\/celtics.fr\/index.php?rest_route=\/wp\/v2\/pages\/278\/revisions\/294"}],"wp:attachment":[{"href":"http:\/\/celtics.fr\/index.php?rest_route=%2Fwp%2Fv2%2Fmedia&parent=278"}],"curies":[{"name":"wp","href":"https:\/\/api.w.org\/{rel}","templated":true}]}}