{"id":397,"date":"2025-11-11T13:40:49","date_gmt":"2025-11-11T12:40:49","guid":{"rendered":"http:\/\/celtics.fr\/?page_id=397"},"modified":"2025-11-11T14:18:36","modified_gmt":"2025-11-11T13:18:36","slug":"404-2","status":"publish","type":"page","link":"http:\/\/celtics.fr\/?page_id=397","title":{"rendered":"404"},"content":{"rendered":"\n<main class=\"wp-block-group alignfull has-background-background-color has-background is-layout-constrained wp-block-group-is-layout-constrained\" style=\"padding-top:60px;padding-bottom:60px\">\n<h2 class=\"wp-block-heading has-text-align-center not-found-heading has-accent-color has-text-color has-link-color wp-elements-5d923385e5955d4f246f9aa7ef10a592\" style=\"font-size:200px\">404<\/h2>\n\n\n\n<p class=\"has-text-align-center has-content-heading-font-size\"><strong>Malheureusement, nous ne parvenons pas \u00e0 trouver cette page.<\/strong><\/p>\n\n\n\n<p class=\"has-text-align-center\">La page que vous recherchez n\u2019existe pas ou a \u00e9t\u00e9 d\u00e9plac\u00e9e. Essayez une autre URL ou rendez-vous sur la page d\u2019accueil du site.<\/p>\n<\/main>\n","protected":false},"excerpt":{"rendered":"<p>404 Malheureusement, nous ne parvenons pas \u00e0 trouver cette page. La page que vous recherchez n\u2019existe pas ou a \u00e9t\u00e9 d\u00e9plac\u00e9e. Essayez une autre URL ou rendez-vous sur la page d\u2019accueil du site.<\/p>\n","protected":false},"author":1,"featured_media":0,"parent":0,"menu_order":0,"comment_status":"closed","ping_status":"closed","template":"","meta":{"footnotes":""},"class_list":["post-397","page","type-page","status-publish","hentry"],"jetpack_sharing_enabled":true,"_links":{"self":[{"href":"http:\/\/celtics.fr\/index.php?rest_route=\/wp\/v2\/pages\/397","targetHints":{"allow":["GET"]}}],"collection":[{"href":"http:\/\/celtics.fr\/index.php?rest_route=\/wp\/v2\/pages"}],"about":[{"href":"http:\/\/celtics.fr\/index.php?rest_route=\/wp\/v2\/types\/page"}],"author":[{"embeddable":true,"href":"http:\/\/celtics.fr\/index.php?rest_route=\/wp\/v2\/users\/1"}],"replies":[{"embeddable":true,"href":"http:\/\/celtics.fr\/index.php?rest_route=%2Fwp%2Fv2%2Fcomments&post=397"}],"version-history":[{"count":3,"href":"http:\/\/celtics.fr\/index.php?rest_route=\/wp\/v2\/pages\/397\/revisions"}],"predecessor-version":[{"id":405,"href":"http:\/\/celtics.fr\/index.php?rest_route=\/wp\/v2\/pages\/397\/revisions\/405"}],"wp:attachment":[{"href":"http:\/\/celtics.fr\/index.php?rest_route=%2Fwp%2Fv2%2Fmedia&parent=397"}],"curies":[{"name":"wp","href":"https:\/\/api.w.org\/{rel}","templated":true}]}}